{"id":7,"date":"2019-07-23T15:10:09","date_gmt":"2019-07-23T20:10:09","guid":{"rendered":"https:\/\/2019.guadalajara.wordcamp.org\/schedule\/"},"modified":"2019-08-28T09:12:01","modified_gmt":"2019-08-28T14:12:01","slug":"programa","status":"publish","type":"page","link":"https:\/\/guadalajara.wordcamp.org\/2019\/programa\/","title":{"rendered":"Programa"},"content":{"rendered":"\n<h2 class=\"wp-block-heading\">S\u00e1bado 26 de Octubre<\/h2>\n\n\n<table class=\"wcpt-schedule\" border=\"0\"><thead><tr><th class=\"wcpt-col-time\">Hora<\/th><th class=\"wcpt-col-track\"> <span class=\"wcpt-track-name\">Auditorio Principal<\/span> <span class=\"wcpt-track-description\"><\/span> <\/th><th class=\"wcpt-col-track\"> <span class=\"wcpt-track-name\">Workshops<\/span> <span class=\"wcpt-track-description\"><\/span> <\/th><\/tr><\/thead><tbody><tr class=\"wcpt-time-900AM\"><td class=\"wcpt-time\">9:00&nbsp;AM<\/td><td colspan=\"1\" class=\"wcb-track-track-1 wcpt-session-type-custom wcb-session-registro\" data-track-title=\"Auditorio Principal\" data-session-id=\"701\"><div class=\"wcb-session-cell-content\"><span class=\"wcpt-session-title\">Registro \/ Coffe Break<\/span><\/div><\/td><td colspan=\"1\" class=\"wcb-track-track-2 wcpt-session-type-custom wcb-session-registro-talleres\" data-track-title=\"Workshops\" data-session-id=\"716\"><div class=\"wcb-session-cell-content\"><span class=\"wcpt-session-title\">Registro Workshops<\/span><\/div><\/td><\/tr><tr class=\"wcpt-time-930AM global-session inauguracin\"><td class=\"wcpt-time\">9:30&nbsp;AM<\/td><td colspan=\"2\" class=\"wcb-track-track-1 wcb-track-track-2 wcpt-session-type-custom wcb-session-inauguracion\" data-track-title=\"Auditorio Principal, Workshops\" data-session-id=\"713\"><div class=\"wcb-session-cell-content\"><span class=\"wcpt-session-title\">Inauguraci\u00f3n<\/span><\/div><\/td><\/tr><tr class=\"wcpt-time-1000AM\"><td class=\"wcpt-time\">10:00&nbsp;AM<\/td><td colspan=\"1\" class=\"wcb-speaker-jean-saldana wcb-track-track-1 wcb-session-category-emprendimiento wcb-session-category-marketing wcpt-session-type-session wcb-session-como-crear-y-vender-cursos-online\" data-track-title=\"Auditorio Principal\" data-session-id=\"1043\"><div class=\"wcb-session-cell-content\"><a class=\"wcpt-session-title\" href=\"https:\/\/guadalajara.wordcamp.org\/2019\/session\/como-crear-y-vender-cursos-online\/\">C\u00f3mo crear y vender cursos online<\/a> <span class=\"wcpt-session-speakers\"><a href=\"https:\/\/guadalajara.wordcamp.org\/2019\/speakers\/#wcorg-speaker-jean-saldana\">Jean Salda\u00f1a<\/a><\/span><\/div><div class=\"wcb-session-favourite-icon\"><a href=\"#\" role=\"button\" class=\"fav-session-button\" aria-pressed=\"false\"><span class=\"screen-reader-text\">Sesi\u00f3n favorita: C\u00f3mo crear y vender cursos online<\/span><span class=\"dashicons dashicons-star-filled\"><\/span><\/a><\/div><\/td><td colspan=\"1\" class=\"wcb-speaker-juan-pablo-de-la-torre-valdez wcb-track-track-2 wcb-session-category-workshop wcpt-session-type-session wcb-session-desarrollo-de-bloques-nativos-en-gutenberg-con-wp-scripts\" data-track-title=\"Workshops\" data-session-id=\"1076\"><div class=\"wcb-session-cell-content\"><a class=\"wcpt-session-title\" href=\"https:\/\/guadalajara.wordcamp.org\/2019\/session\/desarrollo-de-bloques-nativos-en-gutenberg-con-wp-scripts\/\">Desarrollo de bloques nativos en Gutenberg con WP-Scripts (basado en React)<\/a> <span class=\"wcpt-session-speakers\"><a href=\"https:\/\/guadalajara.wordcamp.org\/2019\/speakers\/#wcorg-speaker-juan-pablo-de-la-torre-valdez\">Juan Pablo De la torre Valdez<\/a><\/span><\/div><div class=\"wcb-session-favourite-icon\"><a href=\"#\" role=\"button\" class=\"fav-session-button\" aria-pressed=\"false\"><span class=\"screen-reader-text\">Sesi\u00f3n favorita: Desarrollo de bloques nativos en Gutenberg con WP-Scripts (basado en React)<\/span><span class=\"dashicons dashicons-star-filled\"><\/span><\/a><\/div><\/td><\/tr><tr class=\"wcpt-time-1030AM\"><td class=\"wcpt-time\">10:30&nbsp;AM<\/td><td colspan=\"1\" class=\"wcb-speaker-francisco-suarez-peredo wcb-track-track-1 wcb-session-category-emprendimiento wcpt-session-type-session wcb-session-como-hacer-la-transicion-de-mi-negocio-a-la-era-digital\" data-track-title=\"Auditorio Principal\" data-session-id=\"935\"><div class=\"wcb-session-cell-content\"><a class=\"wcpt-session-title\" href=\"https:\/\/guadalajara.wordcamp.org\/2019\/session\/como-hacer-la-transicion-de-mi-negocio-a-la-era-digital\/\">C\u00f3mo hacer la transici\u00f3n de mi negocio a la era digital<\/a> <span class=\"wcpt-session-speakers\"><a href=\"https:\/\/guadalajara.wordcamp.org\/2019\/speakers\/#wcorg-speaker-francisco-suarez-peredo\">Francisco Su\u00e1rez Peredo<\/a><\/span><\/div><div class=\"wcb-session-favourite-icon\"><a href=\"#\" role=\"button\" class=\"fav-session-button\" aria-pressed=\"false\"><span class=\"screen-reader-text\">Sesi\u00f3n favorita: C\u00f3mo hacer la transici\u00f3n de mi negocio a la era digital<\/span><span class=\"dashicons dashicons-star-filled\"><\/span><\/a><\/div><\/td><td class=\"wcpt-session-empty\"><\/td><\/tr><tr class=\"wcpt-time-1100AM\"><td class=\"wcpt-time\">11:00&nbsp;AM<\/td><td colspan=\"1\" class=\"wcb-speaker-jefferson-maldonado wcb-track-track-1 wcb-session-category-diseno wcpt-session-type-session wcb-session-5-pasos-para-aplicar-ux-en-el-diseno-web\" data-track-title=\"Auditorio Principal\" data-session-id=\"988\"><div class=\"wcb-session-cell-content\"><a class=\"wcpt-session-title\" href=\"https:\/\/guadalajara.wordcamp.org\/2019\/session\/5-pasos-para-aplicar-ux-en-el-diseno-web\/\">5 Pasos para Aplicar UX en el dise\u00f1o web<\/a> <span class=\"wcpt-session-speakers\"><a href=\"https:\/\/guadalajara.wordcamp.org\/2019\/speakers\/#wcorg-speaker-jefferson-maldonado\">Jefferson Maldonado<\/a><\/span><\/div><div class=\"wcb-session-favourite-icon\"><a href=\"#\" role=\"button\" class=\"fav-session-button\" aria-pressed=\"false\"><span class=\"screen-reader-text\">Sesi\u00f3n favorita: 5 Pasos para Aplicar UX en el dise\u00f1o web<\/span><span class=\"dashicons dashicons-star-filled\"><\/span><\/a><\/div><\/td><td class=\"wcpt-session-empty\"><\/td><\/tr><tr class=\"wcpt-time-1130AM global-session wp-caf-panel-seo\"><td class=\"wcpt-time\">11:30&nbsp;AM<\/td><td colspan=\"2\" class=\"wcb-speaker-roberto-becerra wcb-speaker-jose-j-hernandez wcb-speaker-antonio-r-de-tembleque wcb-speaker-pablo-herrada-artellano wcb-track-track-1 wcb-track-track-2 wcpt-session-type-session wcb-session-descanso\" data-track-title=\"Auditorio Principal, Workshops\" data-session-id=\"703\"><div class=\"wcb-session-cell-content\"><a class=\"wcpt-session-title\" href=\"https:\/\/guadalajara.wordcamp.org\/2019\/session\/descanso\/\">WP Caf\u00e9 (Panel SEO)<\/a> <span class=\"wcpt-session-speakers\"><a href=\"https:\/\/guadalajara.wordcamp.org\/2019\/speakers\/#wcorg-speaker-roberto-becerra\">Roberto Becerra<\/a>, <a href=\"https:\/\/guadalajara.wordcamp.org\/2019\/speakers\/#wcorg-speaker-jose-j-hernandez\">Jose J Hernandez<\/a>, <a href=\"https:\/\/guadalajara.wordcamp.org\/2019\/speakers\/#wcorg-speaker-antonio-r-de-tembleque\">Antonio R. de Tembleque<\/a>, <a href=\"https:\/\/guadalajara.wordcamp.org\/2019\/speakers\/#wcorg-speaker-pablo-herrada-artellano\">Pablo Herrada Artellano<\/a><\/span><\/div><div class=\"wcb-session-favourite-icon\"><a href=\"#\" role=\"button\" class=\"fav-session-button\" aria-pressed=\"false\"><span class=\"screen-reader-text\">Sesi\u00f3n favorita: WP Caf\u00e9 (Panel SEO)<\/span><span class=\"dashicons dashicons-star-filled\"><\/span><\/a><\/div><\/td><\/tr><tr class=\"wcpt-time-1200PM\"><td class=\"wcpt-time\">12:00&nbsp;PM<\/td><td colspan=\"1\" class=\"wcb-speaker-maryl-gonzalez wcb-track-track-1 wcb-session-category-diseno wcpt-session-type-session wcb-session-design-workflow-proceso-de-diseno-con-wordpress\" data-track-title=\"Auditorio Principal\" data-session-id=\"1078\"><div class=\"wcb-session-cell-content\"><a class=\"wcpt-session-title\" href=\"https:\/\/guadalajara.wordcamp.org\/2019\/session\/design-workflow-proceso-de-diseno-con-wordpress\/\">Design Workflow: Proceso de dise\u00f1o con WordPress<\/a> <span class=\"wcpt-session-speakers\"><a href=\"https:\/\/guadalajara.wordcamp.org\/2019\/speakers\/#wcorg-speaker-maryl-gonzalez\">Maryl Gonzalez<\/a><\/span><\/div><div class=\"wcb-session-favourite-icon\"><a href=\"#\" role=\"button\" class=\"fav-session-button\" aria-pressed=\"false\"><span class=\"screen-reader-text\">Sesi\u00f3n favorita: Design Workflow: Proceso de dise\u00f1o con WordPress<\/span><span class=\"dashicons dashicons-star-filled\"><\/span><\/a><\/div><\/td><td colspan=\"1\" class=\"wcb-speaker-victor-alejandro-garcia-sanchez wcb-track-track-2 wcb-session-category-workshop wcpt-session-type-session wcb-session-woocommerce-y-social-media\" data-track-title=\"Workshops\" data-session-id=\"1021\"><div class=\"wcb-session-cell-content\"><a class=\"wcpt-session-title\" href=\"https:\/\/guadalajara.wordcamp.org\/2019\/session\/woocommerce-y-social-media\/\">WooCommerce y Social Media<\/a> <span class=\"wcpt-session-speakers\"><a href=\"https:\/\/guadalajara.wordcamp.org\/2019\/speakers\/#wcorg-speaker-victor-alejandro-garcia-sanchez\">V\u00edctor Alejandro Garcia Sanchez<\/a><\/span><\/div><div class=\"wcb-session-favourite-icon\"><a href=\"#\" role=\"button\" class=\"fav-session-button\" aria-pressed=\"false\"><span class=\"screen-reader-text\">Sesi\u00f3n favorita: WooCommerce y Social Media<\/span><span class=\"dashicons dashicons-star-filled\"><\/span><\/a><\/div><\/td><\/tr><tr class=\"wcpt-time-1230PM\"><td class=\"wcpt-time\">12:30&nbsp;PM<\/td><td colspan=\"1\" class=\"wcb-speaker-oscar-ivan-maldonado-iribe wcb-track-track-1 wcb-session-category-marketing wcpt-session-type-session wcb-session-que-buscas-cuando-buscas-lo-que-buscas\" data-track-title=\"Auditorio Principal\" data-session-id=\"1002\"><div class=\"wcb-session-cell-content\"><a class=\"wcpt-session-title\" href=\"https:\/\/guadalajara.wordcamp.org\/2019\/session\/que-buscas-cuando-buscas-lo-que-buscas\/\">\u00bfQu\u00e9 buscas cuando buscas lo que buscas?<\/a> <span class=\"wcpt-session-speakers\"><a href=\"https:\/\/guadalajara.wordcamp.org\/2019\/speakers\/#wcorg-speaker-oscar-ivan-maldonado-iribe\">Oscar Iv\u00e1n Maldonado Iribe<\/a><\/span><\/div><div class=\"wcb-session-favourite-icon\"><a href=\"#\" role=\"button\" class=\"fav-session-button\" aria-pressed=\"false\"><span class=\"screen-reader-text\">Sesi\u00f3n favorita: \u00bfQu\u00e9 buscas cuando buscas lo que buscas?<\/span><span class=\"dashicons dashicons-star-filled\"><\/span><\/a><\/div><\/td><td class=\"wcpt-session-empty\"><\/td><\/tr><tr class=\"wcpt-time-100PM\"><td class=\"wcpt-time\">1:00&nbsp;PM<\/td><td colspan=\"1\" class=\"wcb-speaker-cesar-octavio-guerra-guerrero wcb-track-track-1 wcb-session-category-diseno wcpt-session-type-session wcb-session-retrabajando-menos-comunicacion-efectiva-mediante-arquitectura-de-informacion\" data-track-title=\"Auditorio Principal\" data-session-id=\"963\"><div class=\"wcb-session-cell-content\"><a class=\"wcpt-session-title\" href=\"https:\/\/guadalajara.wordcamp.org\/2019\/session\/retrabajando-menos-comunicacion-efectiva-mediante-arquitectura-de-informacion\/\">Retrabajando Menos: Comunicaci\u00f3n efectiva mediante Arquitectura de Informaci\u00f3n<\/a> <span class=\"wcpt-session-speakers\"><a href=\"https:\/\/guadalajara.wordcamp.org\/2019\/speakers\/#wcorg-speaker-cesar-octavio-guerra-guerrero\">C\u00e9sar Octavio Guerra Guerrero<\/a><\/span><\/div><div class=\"wcb-session-favourite-icon\"><a href=\"#\" role=\"button\" class=\"fav-session-button\" aria-pressed=\"false\"><span class=\"screen-reader-text\">Sesi\u00f3n favorita: Retrabajando Menos: Comunicaci\u00f3n efectiva mediante Arquitectura de Informaci\u00f3n<\/span><span class=\"dashicons dashicons-star-filled\"><\/span><\/a><\/div><\/td><td class=\"wcpt-session-empty\"><\/td><\/tr><tr class=\"wcpt-time-130PM global-session lunch-break\"><td class=\"wcpt-time\">1:30&nbsp;PM<\/td><td colspan=\"2\" class=\"wcb-track-track-1 wcb-track-track-2 wcpt-session-type-custom wcb-session-box-lunch\" data-track-title=\"Auditorio Principal, Workshops\" data-session-id=\"705\"><div class=\"wcb-session-cell-content\"><span class=\"wcpt-session-title\">Lunch break<\/span><\/div><\/td><\/tr><tr class=\"wcpt-time-230PM global-session cmo-mejorar-visualmente-los-artculos-de-blog\"><td class=\"wcpt-time\">2:30&nbsp;PM<\/td><td colspan=\"2\" class=\"wcb-speaker-mariana-salas-ruiz wcb-track-track-1 wcb-track-track-2 wcb-session-category-marketing wcpt-session-type-session wcb-session-como-mejorar-visualmente-los-articulos-de-blog\" data-track-title=\"Auditorio Principal, Workshops\" data-session-id=\"974\"><div class=\"wcb-session-cell-content\"><a class=\"wcpt-session-title\" href=\"https:\/\/guadalajara.wordcamp.org\/2019\/session\/como-mejorar-visualmente-los-articulos-de-blog\/\">\u00bfC\u00f3mo mejorar visualmente los art\u00edculos de Blog?<\/a> <span class=\"wcpt-session-speakers\"><a href=\"https:\/\/guadalajara.wordcamp.org\/2019\/speakers\/#wcorg-speaker-mariana-salas-ruiz\">Mariana Salas Ruiz<\/a><\/span><\/div><div class=\"wcb-session-favourite-icon\"><a href=\"#\" role=\"button\" class=\"fav-session-button\" aria-pressed=\"false\"><span class=\"screen-reader-text\">Sesi\u00f3n favorita: \u00bfC\u00f3mo mejorar visualmente los art\u00edculos de Blog?<\/span><span class=\"dashicons dashicons-star-filled\"><\/span><\/a><\/div><\/td><\/tr><tr class=\"wcpt-time-300PM global-session bitcoin-como-el-dinero-nativo-del-internet-y-las-mejores-formas-de-integrarlo-a-tu-pgina-en-wordpress\"><td class=\"wcpt-time\">3:00&nbsp;PM<\/td><td colspan=\"2\" class=\"wcb-speaker-juan-galt wcb-track-track-1 wcb-track-track-2 wcb-session-category-tecnico wcpt-session-type-session wcb-session-bitcoin-como-el-dinero-nativo-del-internet-y-las-mejores-formas-de-integrarlo-a-tu-pagina-en-wordpress\" data-track-title=\"Auditorio Principal, Workshops\" data-session-id=\"1080\"><div class=\"wcb-session-cell-content\"><a class=\"wcpt-session-title\" href=\"https:\/\/guadalajara.wordcamp.org\/2019\/session\/bitcoin-como-el-dinero-nativo-del-internet-y-las-mejores-formas-de-integrarlo-a-tu-pagina-en-wordpress\/\">Bitcoin como el dinero nativo del internet, y las mejores formas de integrarlo a tu p\u00e1gina en WordPress<\/a> <span class=\"wcpt-session-speakers\"><a href=\"https:\/\/guadalajara.wordcamp.org\/2019\/speakers\/#wcorg-speaker-juan-galt\">Juan Galt<\/a><\/span><\/div><div class=\"wcb-session-favourite-icon\"><a href=\"#\" role=\"button\" class=\"fav-session-button\" aria-pressed=\"false\"><span class=\"screen-reader-text\">Sesi\u00f3n favorita: Bitcoin como el dinero nativo del internet, y las mejores formas de integrarlo a tu p\u00e1gina en WordPress<\/span><span class=\"dashicons dashicons-star-filled\"><\/span><\/a><\/div><\/td><\/tr><tr class=\"wcpt-time-330PM global-session event-traking-con-google-analytics-y-wordpress\"><td class=\"wcpt-time\">3:30&nbsp;PM<\/td><td colspan=\"2\" class=\"wcb-speaker-guillermo-camarena wcb-track-track-1 wcb-track-track-2 wcb-session-category-tecnico wcpt-session-type-session wcb-session-event-traking-con-google-analytics-y-wordpress\" data-track-title=\"Auditorio Principal, Workshops\" data-session-id=\"896\"><div class=\"wcb-session-cell-content\"><a class=\"wcpt-session-title\" href=\"https:\/\/guadalajara.wordcamp.org\/2019\/session\/event-traking-con-google-analytics-y-wordpress\/\">Event Traking Con Google Analytics y WordPress<\/a> <span class=\"wcpt-session-speakers\"><a href=\"https:\/\/guadalajara.wordcamp.org\/2019\/speakers\/#wcorg-speaker-guillermo-camarena\">Guillermo Camarena<\/a><\/span><\/div><div class=\"wcb-session-favourite-icon\"><a href=\"#\" role=\"button\" class=\"fav-session-button\" aria-pressed=\"false\"><span class=\"screen-reader-text\">Sesi\u00f3n favorita: Event Traking Con Google Analytics y WordPress<\/span><span class=\"dashicons dashicons-star-filled\"><\/span><\/a><\/div><\/td><\/tr><tr class=\"wcpt-time-400PM global-session wp-caf-panel-woocommerce\"><td class=\"wcpt-time\">4:00&nbsp;PM<\/td><td colspan=\"2\" class=\"wcb-speaker-israel-arellano wcb-speaker-roberto-jardines wcb-speaker-juan-pablo-de-la-torre-valdez wcb-speaker-victor-alejandro-garcia-sanchez wcb-track-track-1 wcb-track-track-2 wcpt-session-type-session wcb-session-descanso-2\" data-track-title=\"Auditorio Principal, Workshops\" data-session-id=\"707\"><div class=\"wcb-session-cell-content\"><a class=\"wcpt-session-title\" href=\"https:\/\/guadalajara.wordcamp.org\/2019\/session\/descanso-2\/\">WP Caf\u00e9 (Panel WooCommerce)<\/a> <span class=\"wcpt-session-speakers\"><a href=\"https:\/\/guadalajara.wordcamp.org\/2019\/speakers\/#wcorg-speaker-israel-arellano\">Israel Arellano<\/a>, <a href=\"https:\/\/guadalajara.wordcamp.org\/2019\/speakers\/#wcorg-speaker-roberto-jardines\">Roberto Jardines<\/a>, <a href=\"https:\/\/guadalajara.wordcamp.org\/2019\/speakers\/#wcorg-speaker-juan-pablo-de-la-torre-valdez\">Juan Pablo De la torre Valdez<\/a>, <a href=\"https:\/\/guadalajara.wordcamp.org\/2019\/speakers\/#wcorg-speaker-victor-alejandro-garcia-sanchez\">V\u00edctor Alejandro Garcia Sanchez<\/a><\/span><\/div><div class=\"wcb-session-favourite-icon\"><a href=\"#\" role=\"button\" class=\"fav-session-button\" aria-pressed=\"false\"><span class=\"screen-reader-text\">Sesi\u00f3n favorita: WP Caf\u00e9 (Panel WooCommerce)<\/span><span class=\"dashicons dashicons-star-filled\"><\/span><\/a><\/div><\/td><\/tr><tr class=\"wcpt-time-430PM global-session cmo-contribuir-al-core-de-wordpress\"><td class=\"wcpt-time\">4:30&nbsp;PM<\/td><td colspan=\"2\" class=\"wcb-speaker-page-carbajal wcb-track-track-1 wcb-track-track-2 wcb-session-category-open-source wcpt-session-type-session wcb-session-como-contribuir-al-core-de-wordpress\" data-track-title=\"Auditorio Principal, Workshops\" data-session-id=\"1082\"><div class=\"wcb-session-cell-content\"><a class=\"wcpt-session-title\" href=\"https:\/\/guadalajara.wordcamp.org\/2019\/session\/como-contribuir-al-core-de-wordpress\/\">C\u00f3mo contribuir al Core de WordPress<\/a> <span class=\"wcpt-session-speakers\"><a href=\"https:\/\/guadalajara.wordcamp.org\/2019\/speakers\/#wcorg-speaker-page-carbajal\">Page Carbajal<\/a><\/span><\/div><div class=\"wcb-session-favourite-icon\"><a href=\"#\" role=\"button\" class=\"fav-session-button\" aria-pressed=\"false\"><span class=\"screen-reader-text\">Sesi\u00f3n favorita: C\u00f3mo contribuir al Core de WordPress<\/span><span class=\"dashicons dashicons-star-filled\"><\/span><\/a><\/div><\/td><\/tr><tr class=\"wcpt-time-500PM global-session el-poder-de-hacer-las-cosas-bien-desde-un-principio\"><td class=\"wcpt-time\">5:00&nbsp;PM<\/td><td colspan=\"2\" class=\"wcb-speaker-matias-sanchez-moises wcb-track-track-1 wcb-track-track-2 wcb-session-category-emprendimiento wcb-session-category-tecnico wcpt-session-type-session wcb-session-el-poder-de-hacer-las-cosas-bien-desde-un-principio\" data-track-title=\"Auditorio Principal, Workshops\" data-session-id=\"955\"><div class=\"wcb-session-cell-content\"><a class=\"wcpt-session-title\" href=\"https:\/\/guadalajara.wordcamp.org\/2019\/session\/el-poder-de-hacer-las-cosas-bien-desde-un-principio\/\">El poder de hacer las cosas bien (desde un principio)<\/a> <span class=\"wcpt-session-speakers\"><a href=\"https:\/\/guadalajara.wordcamp.org\/2019\/speakers\/#wcorg-speaker-matias-sanchez-moises\">Matias Sanchez Moises<\/a><\/span><\/div><div class=\"wcb-session-favourite-icon\"><a href=\"#\" role=\"button\" class=\"fav-session-button\" aria-pressed=\"false\"><span class=\"screen-reader-text\">Sesi\u00f3n favorita: El poder de hacer las cosas bien (desde un principio)<\/span><span class=\"dashicons dashicons-star-filled\"><\/span><\/a><\/div><\/td><\/tr><tr class=\"wcpt-time-530PM global-session clausura\"><td class=\"wcpt-time\">5:30&nbsp;PM<\/td><td colspan=\"2\" class=\"wcb-track-track-1 wcb-track-track-2 wcpt-session-type-custom wcb-session-clausura\" data-track-title=\"Auditorio Principal, Workshops\" data-session-id=\"709\"><div class=\"wcb-session-cell-content\"><span class=\"wcpt-session-title\">Clausura<\/span><\/div><\/td><\/tr><tr class=\"wcpt-time-600PM global-session networking\"><td class=\"wcpt-time\">6:00&nbsp;PM<\/td><td colspan=\"2\" class=\"wcb-track-track-1 wcb-track-track-2 wcpt-session-type-custom wcb-session-after-party\" data-track-title=\"Auditorio Principal, Workshops\" data-session-id=\"711\"><div class=\"wcb-session-cell-content\"><span class=\"wcpt-session-title\">Networking<\/span><\/div><\/td><\/tr><\/tbody><\/table>\n\t<div class=\"email-form fav-session-email-form-hide\">\n\t\t<!-- Tab links -->\n\t\t<div class=\"fav-session-share-tab\">\n\t\t\t\t\t\t\t<div class=\"fav-session-tablinks\" id=\"fav-session-btn-email\">\n\t\t\t\t\tCorreo electr\u00f3nico\t\t\t\t<\/div>\n\t\t\t\n\t\t\t<div class=\"fav-session-tablinks\" id=\"fav-session-btn-link\">\n\t\t\t\tEnlace\t\t\t<\/div>\n\n\t\t\t<div class=\"fav-session-tablinks\" id=\"fav-session-btn-print\">\n\t\t\t\tImprimir\t\t\t<\/div>\n\t\t<\/div>\n\n\t\t<!-- Tab content -->\n\t\t\t\t\t<div id=\"fav-session-tab-email\" class=\"fav-session-share-tabcontent\">\n\t\t\t\t<div id=\"fav-session-email-form\">\n\t\t\t\t\tEnv\u00edame mis sesiones favoritas:\n\t\t\t\t\t<form id=\"fav-sessions-form\">\n\t\t\t\t\t\t<input\n\t\t\t\t\t\t\ttype=\"text\"\n\t\t\t\t\t\t\tname=\"email_address\"\n\t\t\t\t\t\t\tid=\"fav-sessions-email-address\"\n\t\t\t\t\t\t\tplaceholder=\"me@protonmail.com\"\n\t\t\t\t\t\t\/>\n\t\t\t\t\t\t<input type=\"submit\" value=\"Enviar\" \/>\n\t\t\t\t\t<\/form>\n\t\t\t\t<\/div>\n\n\t\t\t\t<div class=\"fav-session-email-wait-spinner\"><\/div>\n\t\t\t\t<div class=\"fav-session-email-result\"><\/div>\n\t\t\t<\/div>\n\t\t\n\t\t<div id=\"fav-session-tab-link\" class=\"fav-session-share-tabcontent\">\n\t\t\tEnlace compartible:\t\t\t<br \/>\n\t\t\t<a id=\"fav-sessions-link\" href=\"\"><\/a>\n\t\t<\/div>\n\n\t\t<div id=\"fav-session-tab-print\" class=\"fav-session-share-tabcontent\">\n\t\t\t<button id=\"fav-session-print\">\n\t\t\t\tImprimir sesiones favoritas\t\t\t<\/button>\n\t\t<\/div>\n\t<\/div>\n\n\t<a class=\"show-email-form\" href=\"javascript:\">\n\t\t<span class=\"dashicons dashicons-star-filled\"><\/span>\n\t\t<span class=\"dashicons dashicons-email-alt\"><\/span>\n\t<\/a>\n\n\t\n","protected":false},"excerpt":{"rendered":"<p>S\u00e1bado 26 de Octubre<\/p>\n","protected":false},"author":15525496,"featured_media":0,"parent":0,"menu_order":0,"comment_status":"closed","ping_status":"closed","template":"","meta":{"jetpack_post_was_ever_published":false,"footnotes":""},"class_list":["post-7","page","type-page","status-publish","hentry"],"jetpack_shortlink":"https:\/\/wp.me\/PbaLNg-7","jetpack_sharing_enabled":true,"_links":{"self":[{"href":"https:\/\/guadalajara.wordcamp.org\/2019\/wp-json\/wp\/v2\/pages\/7","targetHints":{"allow":["GET"]}}],"collection":[{"href":"https:\/\/guadalajara.wordcamp.org\/2019\/wp-json\/wp\/v2\/pages"}],"about":[{"href":"https:\/\/guadalajara.wordcamp.org\/2019\/wp-json\/wp\/v2\/types\/page"}],"author":[{"embeddable":true,"href":"https:\/\/guadalajara.wordcamp.org\/2019\/wp-json\/wp\/v2\/users\/15525496"}],"replies":[{"embeddable":true,"href":"https:\/\/guadalajara.wordcamp.org\/2019\/wp-json\/wp\/v2\/comments?post=7"}],"version-history":[{"count":2,"href":"https:\/\/guadalajara.wordcamp.org\/2019\/wp-json\/wp\/v2\/pages\/7\/revisions"}],"predecessor-version":[{"id":700,"href":"https:\/\/guadalajara.wordcamp.org\/2019\/wp-json\/wp\/v2\/pages\/7\/revisions\/700"}],"wp:attachment":[{"href":"https:\/\/guadalajara.wordcamp.org\/2019\/wp-json\/wp\/v2\/media?parent=7"}],"curies":[{"name":"wp","href":"https:\/\/api.w.org\/{rel}","templated":true}]}}