{"id":13,"date":"2019-08-30T09:59:54","date_gmt":"2019-08-30T14:59:54","guid":{"rendered":"https:\/\/2019.guadalajara.wordcamp.org\/?page_id=13"},"modified":"2019-10-29T14:35:41","modified_gmt":"2019-10-29T20:35:41","slug":"entradas","status":"publish","type":"page","link":"https:\/\/guadalajara.wordcamp.org\/2019\/entradas\/","title":{"rendered":"Entradas"},"content":{"rendered":"\n<h3 class=\"wp-block-heading\">\u00a1Ya puedes comprar tu entrada para estar con nosotros en la WordCamp!<\/h3>\n\n\n\n<p>Lo normal es que se agoten, as\u00ed que no te lo pienses mucho.<\/p>\n\n\n\n<div class=\"wp-block-button aligncenter\"><a class=\"wp-block-button__link\" href=\"https:\/\/2019.guadalajara.wordcamp.org\/programa\/\">\u00a1Conoce el programa!<\/a><\/div>\n\n\n\n<p>La entrada incluye:<\/p>\n\n\n\n<ul class=\"wp-block-list\"><li>Acceso a las salas de la WordCamp el s\u00e1bado 26 de Octubre de 2019.<\/li><li>Acceso a 10 ponencias de Speakers nacionales e internacionales.<\/li><li>Acceso a 2 talleres (avanzado e intermedio).<\/li><li>Bolsa de regalos de la WordCamp y&nbsp;otros regalos promocionales.<\/li><li>Caf\u00e9 \/ T\u00e9 \/ Agua y Lunch box durante el evento.<\/li><li>Acceso al After Party donde podr\u00e1s convivir con tod@s l@s asistentes y Speakers dentro del networking.<\/li><li>Y, en general, la posibilidad de participar en un evento inspirador ;-D<\/li><\/ul>\n\n\n<a href=\"https:\/\/guadalajara.wordcamp.org\/2019\/entradas\/\">Por favor, ve esta p\u00e1gina en un navegador para hacer una compra o gestionar boletos.<\/a>\n\n\n\n<p>Tambi\u00e9n aceptamos pago en OXXO. Solamente necesitas ir tu OXXO m\u00e1s cercano y depositar con los siguientes datos:<\/p>\n\n\n\n<ul class=\"wp-block-list\"><li><strong>Tarjeta n\u00famero: 5204 1654 6628 7491<\/strong><\/li><li><strong>Banco: Banamex<\/strong><\/li><li><strong>Costo: $250 MXN<\/strong><\/li><li><strong>Mandar comprobante al correo: info@wpguadalajara.org con tu nombre completo y correo al que deseas que te llegue tu entrada.<\/strong><\/li><\/ul>\n\n\n\n<p><em><strong>AUTORIZACI\u00d3N:<\/strong><\/em><em>&nbsp;En bien de la comunidad y con fines de promoci\u00f3n, habr\u00e1 voluntarios y\/o fot\u00f3grafos profesionales en la&nbsp;WordCamp.&nbsp;<\/em><em>Al asistir al evento, se autoriza la utilizaci\u00f3n de tu imagen si apareces&nbsp;en fotos o&nbsp;v\u00eddeos&nbsp;que se puedan tomar, que pueden mostrar tu participaci\u00f3n en el evento. De no estar de acuerdo, env\u00edanos un correo a <a href=\"mailto:info@wpguadalajara.org\" target=\"_blank\" rel=\"noreferrer noopener\">info@wpguadalajara.org<\/a> para discutir los detalles.<br><\/em><\/p>\n\n\n\n<p>\u00a1Tu comodidad es nuestra prioridad!<\/p>\n\n\n\n<p><strong>Nota importante:<\/strong><br><em>1. WordCamp no puede facturar boletos ya que es una empresa con poder legal en Estados Unidos y no cuentan con oficinas en M\u00e9xico.<\/em><\/p>\n","protected":false},"excerpt":{"rendered":"<p>\u00a1Ya puedes comprar tu entrada para estar con nosotros en la WordCamp! Lo normal es que se agoten, as\u00ed que no te lo pienses mucho. La entrada incluye: Acceso a las salas de la WordCamp el s\u00e1bado 26 de Octubre de 2019. Acceso a 10 ponencias de Speakers nacionales e internacionales. Acceso a 2 talleres &hellip; <a href=\"https:\/\/guadalajara.wordcamp.org\/2019\/entradas\/\" class=\"more-link\">Seguir leyendo <span class=\"screen-reader-text\">Entradas<\/span> <span class=\"meta-nav\">&rarr;<\/span><\/a><\/p>\n","protected":false},"author":14536666,"featured_media":0,"parent":0,"menu_order":0,"comment_status":"closed","ping_status":"closed","template":"","meta":{"jetpack_post_was_ever_published":false,"footnotes":""},"class_list":["post-13","page","type-page","status-publish","hentry"],"jetpack_shortlink":"https:\/\/wp.me\/PbaLNg-d","jetpack_sharing_enabled":true,"_links":{"self":[{"href":"https:\/\/guadalajara.wordcamp.org\/2019\/wp-json\/wp\/v2\/pages\/13","targetHints":{"allow":["GET"]}}],"collection":[{"href":"https:\/\/guadalajara.wordcamp.org\/2019\/wp-json\/wp\/v2\/pages"}],"about":[{"href":"https:\/\/guadalajara.wordcamp.org\/2019\/wp-json\/wp\/v2\/types\/page"}],"author":[{"embeddable":true,"href":"https:\/\/guadalajara.wordcamp.org\/2019\/wp-json\/wp\/v2\/users\/14536666"}],"replies":[{"embeddable":true,"href":"https:\/\/guadalajara.wordcamp.org\/2019\/wp-json\/wp\/v2\/comments?post=13"}],"version-history":[{"count":6,"href":"https:\/\/guadalajara.wordcamp.org\/2019\/wp-json\/wp\/v2\/pages\/13\/revisions"}],"predecessor-version":[{"id":1072,"href":"https:\/\/guadalajara.wordcamp.org\/2019\/wp-json\/wp\/v2\/pages\/13\/revisions\/1072"}],"wp:attachment":[{"href":"https:\/\/guadalajara.wordcamp.org\/2019\/wp-json\/wp\/v2\/media?parent=13"}],"curies":[{"name":"wp","href":"https:\/\/api.w.org\/{rel}","templated":true}]}}