{"id":12,"date":"2019-07-23T15:10:09","date_gmt":"2019-07-23T20:10:09","guid":{"rendered":"https:\/\/2019.guadalajara.wordcamp.org\/organizers\/"},"modified":"2019-07-26T20:14:43","modified_gmt":"2019-07-27T01:14:43","slug":"organizadores","status":"publish","type":"page","link":"https:\/\/guadalajara.wordcamp.org\/2019\/organizadores\/","title":{"rendered":"Organizadores"},"content":{"rendered":"\n<p>Somos el\u00a0equipo de organizadores de este\u00a0<strong>WordCamp Guadalajara 2019<\/strong>. Somos apasionados de WordPress y cada mes organizamos una Meetup con diferentes temas, ah\u00ed nos puedes conocer y externar tus dudas.<\/p>\n\n\n\n<p>\u00a1Con\u00f3cenos!<\/p>\n\n\n\n\t<div class=\"wcorg-organizers\">\n\n\t\t\n\t\t\t<div class=\"wcorg-organizer\">\n\t\t\t\t<h2>Ashok Amaran<\/h2>\n\t\t\t\t<div class=\"wcorg-organizer-description\">\n\t\t\t\t\t\t\t\t\t\t<img alt='' src='https:\/\/secure.gravatar.com\/avatar\/9887dacfab27e21e88ecb0c430dca292f38d3822a7b5fc857dbae53df9bb20f8?s=100&#038;d=mm&#038;r=g' srcset='https:\/\/secure.gravatar.com\/avatar\/9887dacfab27e21e88ecb0c430dca292f38d3822a7b5fc857dbae53df9bb20f8?s=200&#038;d=mm&#038;r=g 2x' class='avatar avatar-100 photo' height='100' width='100' \/>\t\t\t\t\t\n<p>Desarrollador iOS y web. Fundador de App Chefs, una agencia n\u00f3mada digital de desarrollo de aplicaciones web y m\u00f3viles para clientes en Estados Unidos.<br><\/p>\n\t\t\t\t<\/div>\n\t\t\t<\/div>\n\n\t\t\n\t\t\t<div class=\"wcorg-organizer\">\n\t\t\t\t<h2>Maryl Gonz\u00e1lez<\/h2>\n\t\t\t\t<div class=\"wcorg-organizer-description\">\n\t\t\t\t\t\t\t\t\t\t<img alt='' src='https:\/\/secure.gravatar.com\/avatar\/26bc6e3dd591da0da264750be71e3165de750556eea3db66db5594ead41a226f?s=100&#038;d=mm&#038;r=g' srcset='https:\/\/secure.gravatar.com\/avatar\/26bc6e3dd591da0da264750be71e3165de750556eea3db66db5594ead41a226f?s=200&#038;d=mm&#038;r=g 2x' class='avatar avatar-100 photo' height='100' width='100' \/>\t\t\t\t\t\n<p><strong>\u00a1Hola!<\/strong><\/p>\n\n\n\n<p>Soy Maryl Gonz\u00e1lez y soy una apasionada dise\u00f1adora multidisciplinaria de Guadalajara, M\u00e9xico. Tambi\u00e9n soy cofundadora y Lead Product Designer en <a href=\"http:\/\/theappchefs.com\/\" target=\"_blank\" rel=\"noreferrer noopener\">The App Chefs<\/a> y fundadora en&nbsp;<a href=\"http:\/\/www.talexa.com.mx\/\" target=\"_blank\" rel=\"noreferrer noopener nofollow\">TaleXa<\/a>.<\/p>\n\n\n\n<p>Me gusta combinar mi pasi\u00f3n por el arte y la tecnolog\u00eda para crear productos funcionales y visualmente atractivos. Enfocada en Product Design para m\u00faltiples plataformas entre web y m\u00f3vil. Recientemente, he descubierto mi amor por las metodolog\u00edas de Scrum \/ Agile y he estado aplicando ese conocimiento para varios proyectos aplicando Agile UX.<\/p>\n\n\n\n<p>Mi tema favorito es Design Thinking centrado en la innovaci\u00f3n social. Creo firmemente que un cambio significativo en una comunidad, grupo o individuo se maneja mejor desde un enfoque de Pensamiento de Dise\u00f1o.<\/p>\n\n\n\n<p>Encu\u00e9ntrame en&nbsp;<a href=\"https:\/\/www.instagram.com\/maryl_\/\">Instagram<\/a>,&nbsp;<a href=\"https:\/\/twitter.com\/maryl_\">Twitter<\/a>,&nbsp;and&nbsp;<a href=\"https:\/\/www.linkedin.com\/in\/marylgonzalez\/\">LinkedIn<\/a>.&nbsp;<\/p>\n\t\t\t\t<\/div>\n\t\t\t<\/div>\n\n\t\t\n\t\t\t<div class=\"wcorg-organizer\">\n\t\t\t\t<h2>Jos Velasco<\/h2>\n\t\t\t\t<div class=\"wcorg-organizer-description\">\n\t\t\t\t\t\t\t\t\t\t<img alt='' src='https:\/\/secure.gravatar.com\/avatar\/325278bedbabb188c7a7fb9e919568efeca13fcab4302644406ceacf3614f9b6?s=100&#038;d=mm&#038;r=g' srcset='https:\/\/secure.gravatar.com\/avatar\/325278bedbabb188c7a7fb9e919568efeca13fcab4302644406ceacf3614f9b6?s=200&#038;d=mm&#038;r=g 2x' class='avatar avatar-100 photo' height='100' width='100' \/>\t\t\t\t\t\n<p><strong>Jos Velasco<\/strong>&nbsp;desarrolla sitios web desde 2009 con WordPress.<\/p>\n\n\n\n<p>Es Ingeniero en\u00a0Sistemas\u00a0Computacionales egresado del ITESO. Dirige los sitios\u00a0web\u00a0Frases de la pel\u00edcula\u00a0e\u00a0impetuosa.<\/p>\n\n\n\n<p>Sus proyectos preferidos son los portafolios de artistas visuales como el de\u00a0Diana Mart\u00edn\u00a0y los sitios web corporativos. Le gusta mucho comer, viajar y ver pel\u00edculas o series est\u00e9ticamente gratificantes.<\/p>\n\t\t\t\t<\/div>\n\t\t\t<\/div>\n\n\t\t\n\t\t\t<div class=\"wcorg-organizer\">\n\t\t\t\t<h2>Abraham Morales<\/h2>\n\t\t\t\t<div class=\"wcorg-organizer-description\">\n\t\t\t\t\t\t\t\t\t\t<img alt='' src='https:\/\/secure.gravatar.com\/avatar\/455826427002ef45624d3209b2b338681ac111a65038657f9c80bc054576448e?s=100&#038;d=mm&#038;r=g' srcset='https:\/\/secure.gravatar.com\/avatar\/455826427002ef45624d3209b2b338681ac111a65038657f9c80bc054576448e?s=200&#038;d=mm&#038;r=g 2x' class='avatar avatar-100 photo' height='100' width='100' \/>\t\t\t\t\t\n<p>Abraham Morales es programador web con +5 a\u00f1os de experiencia en programaci\u00f3n PHP, Javascript. Ha creado themes en WordPress, creado dise\u00f1os limpios, responsivos en HTML\/CSS con Bootstrap 3 y 4. Tambi\u00e9n trabaja con frameworks como Laravel.<\/p>\n\n\n\n<p>Le gusta la tecnolog\u00eda, los dispositivos electr\u00f3nicos que puedan cambiar el futuro. Le gusta compartir lo que sabe y hacer que todas las personas est\u00e9n tanto conectadas como familiarizadas con la tecnolog\u00eda.<\/p>\n\n\n\n<p>B\u00fascame en <a href=\"https:\/\/twitter.com\/abraham_moca\" target=\"_blank\" rel=\"noreferrer noopener\">Twitter<\/a>, <a href=\"https:\/\/www.instagram.com\/abraham.moca\/\" target=\"_blank\" rel=\"noreferrer noopener\">Instagram<\/a> y <a href=\"https:\/\/www.linkedin.com\/in\/abrahammoca\/\" target=\"_blank\" rel=\"noreferrer noopener\">Linkedin<\/a>.<\/p>\n\t\t\t\t<\/div>\n\t\t\t<\/div>\n\n\t\t\n\t<\/div><!-- .wcorg-organizers -->\n\t\n","protected":false},"excerpt":{"rendered":"<p>Somos el\u00a0equipo de organizadores de este\u00a0WordCamp Guadalajara 2019. Somos apasionados de WordPress y cada mes organizamos una Meetup con diferentes temas, ah\u00ed nos puedes conocer y externar tus dudas. \u00a1Con\u00f3cenos!<\/p>\n","protected":false},"author":14536666,"featured_media":0,"parent":0,"menu_order":0,"comment_status":"closed","ping_status":"closed","template":"","meta":{"jetpack_post_was_ever_published":false,"footnotes":""},"class_list":["post-12","page","type-page","status-publish","hentry"],"jetpack_shortlink":"https:\/\/wp.me\/PbaLNg-c","jetpack_sharing_enabled":true,"_links":{"self":[{"href":"https:\/\/guadalajara.wordcamp.org\/2019\/wp-json\/wp\/v2\/pages\/12","targetHints":{"allow":["GET"]}}],"collection":[{"href":"https:\/\/guadalajara.wordcamp.org\/2019\/wp-json\/wp\/v2\/pages"}],"about":[{"href":"https:\/\/guadalajara.wordcamp.org\/2019\/wp-json\/wp\/v2\/types\/page"}],"author":[{"embeddable":true,"href":"https:\/\/guadalajara.wordcamp.org\/2019\/wp-json\/wp\/v2\/users\/14536666"}],"replies":[{"embeddable":true,"href":"https:\/\/guadalajara.wordcamp.org\/2019\/wp-json\/wp\/v2\/comments?post=12"}],"version-history":[{"count":1,"href":"https:\/\/guadalajara.wordcamp.org\/2019\/wp-json\/wp\/v2\/pages\/12\/revisions"}],"predecessor-version":[{"id":276,"href":"https:\/\/guadalajara.wordcamp.org\/2019\/wp-json\/wp\/v2\/pages\/12\/revisions\/276"}],"wp:attachment":[{"href":"https:\/\/guadalajara.wordcamp.org\/2019\/wp-json\/wp\/v2\/media?parent=12"}],"curies":[{"name":"wp","href":"https:\/\/api.w.org\/{rel}","templated":true}]}}