{"id":11,"date":"2019-07-23T15:10:09","date_gmt":"2019-07-23T15:10:09","guid":{"rendered":"https:\/\/2019.guadalajara.wordcamp.org\/location\/"},"modified":"2019-09-02T23:15:12","modified_gmt":"2019-09-03T04:15:12","slug":"location","status":"publish","type":"page","link":"https:\/\/guadalajara.wordcamp.org\/2019\/location\/","title":{"rendered":"D\u00f3nde y cu\u00e1ndo"},"content":{"rendered":"\n<p>Lugar: <strong>MIND M\u00e9xico<\/strong><br>Fecha:\u00a0<strong>S\u00e1bado 26 de Octubre <\/strong><br>Hora:\u00a0<strong>9:00AM &#8211; 6:00PM<\/strong><\/p>\n\n\n\n<div class=\"wp-block-button\"><a class=\"wp-block-button__link\" href=\"https:\/\/2019.guadalajara.wordcamp.org\/entradas\/\">Consigue tu entrada<\/a><\/div>\n\n\n\n<p><\/p>\n\n\n\n<p>La comunidad de\u00a0<strong>WordPress Guadalajara<\/strong>, est\u00e1 feliz de anunciarte que el WordCamp Guadalajara 2019\u00a0 se llevar\u00e1 a cabo en el edificio <strong>MIND \u2013 M\u00e9xico Innovaci\u00f3n y Dise\u00f1o<\/strong>.<\/p>\n\n\n\n<p>El registro de los asistentes comenzar\u00e1 a las\u00a0<strong>9:00am<\/strong>\u00a0y la clausura ser\u00e1 a las\u00a0<strong>6:00pm<\/strong>. Contar\u00e1s con coffee break, gift bag, box lunch y lo mejor de todo\u2026 con la posibilidad de disfrutar\u00a0<strong>ponencias locales e internacionales<\/strong>.<\/p>\n\n\n\n<p>Al terminar el evento, tendr\u00e1s la oportunidad de convivir en el after party, acompa\u00f1ado de bebidas y ricos snacks. \u00a1\u00a1Podr\u00e1s seguir conociendo a nuestros speakers e intercambiar tarjetas con los dem\u00e1s asistentes!!<\/p>\n\n\n\n<h2 class=\"wp-block-heading\">Acerca de MIND:<\/h2>\n\n\n\n<p><strong>MIND (M\u00e9xico Innovaci\u00f3n y Dise\u00f1o)<br><\/strong>Ecosistema de innovaci\u00f3n y desarrollo que impulsa la competitividad global de las empresas a trav\u00e9s de la innovaci\u00f3n, siendo referencia internacional de los sectores empresarial, academia y gobierno, impactando a la sociedad.<br><\/p>\n\n\n\n<p>MIND es el ecosistema de innovaci\u00f3n que une a la triple h\u00e9lice, siendo el punto de partida de ideas y proyectos que involucran al estudiante, el empresario y a instituciones p\u00fablicas, dando lugar a convenios, alianzas internacionales con centros tecnol\u00f3gicos, presencia en eventos l\u00edderes en dise\u00f1o, innovaci\u00f3n y tecnolog\u00eda, as\u00ed como novedosos proyectos que se forman a partir de diferentes perspectivas de los involucrados.<\/p>\n\n\n\n<h3 class=\"wp-block-heading\">Algunas im\u00e1genes de nuestra sede:<\/h3>\n\n\n\n<figure class=\"wp-block-image\"><img data-recalc-dims=\"1\" loading=\"lazy\" decoding=\"async\" width=\"604\" height=\"756\" src=\"https:\/\/i0.wp.com\/2019.guadalajara.wordcamp.org\/files\/2019\/08\/Screenshot-2019-08-30-12.14.42-818x1024.png?resize=604%2C756&#038;ssl=1\" alt=\"\" class=\"wp-image-758\" srcset=\"https:\/\/i0.wp.com\/guadalajara.wordcamp.org\/2019\/files\/2019\/08\/Screenshot-2019-08-30-12.14.42.png?resize=818%2C1024&amp;ssl=1 818w, https:\/\/i0.wp.com\/guadalajara.wordcamp.org\/2019\/files\/2019\/08\/Screenshot-2019-08-30-12.14.42.png?resize=240%2C300&amp;ssl=1 240w, https:\/\/i0.wp.com\/guadalajara.wordcamp.org\/2019\/files\/2019\/08\/Screenshot-2019-08-30-12.14.42.png?resize=768%2C962&amp;ssl=1 768w, https:\/\/i0.wp.com\/guadalajara.wordcamp.org\/2019\/files\/2019\/08\/Screenshot-2019-08-30-12.14.42.png?w=1158&amp;ssl=1 1158w\" sizes=\"auto, (max-width: 604px) 100vw, 604px\" \/><\/figure>\n\n\n\n<p><strong>Direcci\u00f3n:<\/strong>\u00a0MIND, Av Faro 2350, Verde Valle, 44550 Guadalajara, Jal.<br><strong>Referencias:<\/strong>\u00a0El edificio se encuentra justo a espaldas de la Expo Guadalajara.<br><strong>Google Maps:\u00a0<\/strong><a href=\"https:\/\/goo.gl\/maps\/xXgmLFuyq81gQAqo7\"><span style=\"text-decoration: underline\"><strong>https:\/\/goo.gl\/maps\/xXgmLFuyq81gQAqo7<\/strong><\/span><\/a><\/p>\n\n\n\n<pre class=\"wp-block-preformatted\"><div class=\"googlemaps\">\n\t\t\t\t<iframe loading=\"lazy\" width=\"600\" height=\"450\" frameborder=\"0\" scrolling=\"no\" marginheight=\"0\" marginwidth=\"0\"  src=\"https:\/\/www.google.com\/maps\/embed?pb=!1m18!1m12!1m3!1d3733.438691311789!2d-103.39194368464835!3d20.651723986203816!2m3!1f0!2f0!3f0!3m2!1i1024!2i768!4f13.1!3m3!1m2!1s0x8428addb24da66fd:0x50f06fe537763795!2sMIND%20M\u00e9xico%20Innovaci\u00f3n%20y%20Dise\u00f1o!5e0!3m2!1ses-419!2smx!4v1567483319889!5m2!1ses-419!2smx\"><\/iframe>\n\t\t\t<\/div><\/pre>\n","protected":false},"excerpt":{"rendered":"<p>Lugar: MIND M\u00e9xicoFecha:\u00a0S\u00e1bado 26 de Octubre Hora:\u00a09:00AM &#8211; 6:00PM La comunidad de\u00a0WordPress Guadalajara, est\u00e1 feliz de anunciarte que el WordCamp Guadalajara 2019\u00a0 se llevar\u00e1 a cabo en el edificio MIND \u2013 M\u00e9xico Innovaci\u00f3n y Dise\u00f1o. El registro de los asistentes comenzar\u00e1 a las\u00a09:00am\u00a0y la clausura ser\u00e1 a las\u00a06:00pm. Contar\u00e1s con coffee break, gift bag, box &hellip; <a href=\"https:\/\/guadalajara.wordcamp.org\/2019\/location\/\" class=\"more-link\">Seguir leyendo <span class=\"screen-reader-text\">D\u00f3nde y cu\u00e1ndo<\/span> <span class=\"meta-nav\">&rarr;<\/span><\/a><\/p>\n","protected":false},"author":15525496,"featured_media":0,"parent":0,"menu_order":0,"comment_status":"closed","ping_status":"closed","template":"","meta":{"jetpack_post_was_ever_published":false,"footnotes":""},"class_list":["post-11","page","type-page","status-publish","hentry"],"jetpack_shortlink":"https:\/\/wp.me\/PbaLNg-b","jetpack_sharing_enabled":true,"_links":{"self":[{"href":"https:\/\/guadalajara.wordcamp.org\/2019\/wp-json\/wp\/v2\/pages\/11","targetHints":{"allow":["GET"]}}],"collection":[{"href":"https:\/\/guadalajara.wordcamp.org\/2019\/wp-json\/wp\/v2\/pages"}],"about":[{"href":"https:\/\/guadalajara.wordcamp.org\/2019\/wp-json\/wp\/v2\/types\/page"}],"author":[{"embeddable":true,"href":"https:\/\/guadalajara.wordcamp.org\/2019\/wp-json\/wp\/v2\/users\/15525496"}],"replies":[{"embeddable":true,"href":"https:\/\/guadalajara.wordcamp.org\/2019\/wp-json\/wp\/v2\/comments?post=11"}],"version-history":[{"count":7,"href":"https:\/\/guadalajara.wordcamp.org\/2019\/wp-json\/wp\/v2\/pages\/11\/revisions"}],"predecessor-version":[{"id":788,"href":"https:\/\/guadalajara.wordcamp.org\/2019\/wp-json\/wp\/v2\/pages\/11\/revisions\/788"}],"wp:attachment":[{"href":"https:\/\/guadalajara.wordcamp.org\/2019\/wp-json\/wp\/v2\/media?parent=11"}],"curies":[{"name":"wp","href":"https:\/\/api.w.org\/{rel}","templated":true}]}}