{"id":1027,"date":"2019-10-04T17:25:12","date_gmt":"2019-10-04T22:25:12","guid":{"rendered":"https:\/\/2019.guadalajara.wordcamp.org\/?page_id=1027"},"modified":"2019-10-04T17:25:12","modified_gmt":"2019-10-04T22:25:12","slug":"donde-hospedarte","status":"publish","type":"page","link":"https:\/\/guadalajara.wordcamp.org\/2019\/donde-hospedarte\/","title":{"rendered":"D\u00f3nde hospedarte"},"content":{"rendered":"\n<p>Tenemos una lista de hoteles cercanos a MIND M\u00e9xico:<\/p>\n\n\n\n<h4 class=\"wp-block-heading\"><strong>Guadalajara Plaza Expo Business Class<\/strong><\/h4>\n\n\n\n<ul class=\"wp-block-list\"><li>Direcci\u00f3n: Av Mariano Otero 3261, Verde Valle, 44550 Guadalajara, Jal.<\/li><li>Tel\u00e9fono: 322 226 2787<\/li><\/ul>\n\n\n\n<div class=\"googlemaps\">\n\t\t\t\t<iframe loading=\"lazy\" width=\"600\" height=\"450\" frameborder=\"0\" scrolling=\"no\" marginheight=\"0\" marginwidth=\"0\"  src=\"https:\/\/www.google.com\/maps\/embed?pb=!1m18!1m12!1m3!1d3733.402612191864!2d-103.39608268507367!3d20.653192986203024!2m3!1f0!2f0!3f0!3m2!1i1024!2i768!4f13.1!3m3!1m2!1s0x8428add05a995633:0xf3c3ec53db11dcba!2sGuadalajara%20Plaza%20Expo%20Business%20Class!5e0!3m2!1ses!2smx!4v1570215950699!5m2!1ses!2smx\"><\/iframe>\n\t\t\t<\/div>\n\n\n\n<h4 class=\"wp-block-heading\">Hotel ibis Guadalajara Expo<\/h4>\n\n\n\n<ul class=\"wp-block-list\"><li>Av Mariano Otero 1400, Jardines del Bosque, 44520 Guadalajara, Jal..<\/li><li>Tel\u00e9fono: 33 3880 9600<\/li><\/ul>\n\n\n\n<div class=\"googlemaps\">\n\t\t\t\t<iframe loading=\"lazy\" width=\"600\" height=\"450\" frameborder=\"0\" scrolling=\"no\" marginheight=\"0\" marginwidth=\"0\"  src=\"https:\/\/www.google.com\/maps\/embed?pb=!1m18!1m12!1m3!1d3733.364452116223!2d-103.39505278591871!3d20.654746605818826!2m3!1f0!2f0!3f0!3m2!1i1024!2i768!4f13.1!3m3!1m2!1s0x8428ade0388e2d87:0xdd71fd9fad743d8!2sHotel%20ibis%20Guadalajara%20Expo!5e0!3m2!1ses!2smx!4v1570216281171!5m2!1ses!2smx\"><\/iframe>\n\t\t\t<\/div>\n\n\n\n<h4 class=\"wp-block-heading\"><br>Ibeurohotel<\/h4>\n\n\n\n<ul class=\"wp-block-list\"><li>Av Mariano Otero 3235, Verde Valle, 44550 Guadalajara, Jal.<\/li><li>Tel\u00e9fono: 33 3134 3230<\/li><\/ul>\n\n\n\n<div class=\"googlemaps\">\n\t\t\t\t<iframe loading=\"lazy\" width=\"600\" height=\"450\" frameborder=\"0\" scrolling=\"no\" marginheight=\"0\" marginwidth=\"0\"  src=\"https:\/\/www.google.com\/maps\/embed?pb=!1m18!1m12!1m3!1d3733.3902327390956!2d-103.39536168591859!3d20.653697005853978!2m3!1f0!2f0!3f0!3m2!1i1024!2i768!4f13.1!3m3!1m2!1s0x8428adda7ed186af:0x5b52cda46f14867a!2sIbeurohotel!5e0!3m2!1ses!2smx!4v1570216953077!5m2!1ses!2smx\"><\/iframe>\n\t\t\t<\/div>\n\n\n\n<h4 class=\"wp-block-heading\"><br>Hilton Guadalajara<\/h4>\n\n\n\n<ul class=\"wp-block-list\"><li>Ave. de la Rosas 2933, Verde Valle, 44530 Guadalajara, Jal.<\/li><li>Tel\u00e9fono: 33 3678 0505<\/li><\/ul>\n\n\n\n<div class=\"googlemaps\">\n\t\t\t\t<iframe loading=\"lazy\" width=\"600\" height=\"450\" frameborder=\"0\" scrolling=\"no\" marginheight=\"0\" marginwidth=\"0\"  src=\"https:\/\/www.google.com\/maps\/embed?pb=!1m18!1m12!1m3!1d3733.3852270340044!2d-103.39187858591866!3d20.65390080584717!2m3!1f0!2f0!3f0!3m2!1i1024!2i768!4f13.1!3m3!1m2!1s0x842145c130765ee9:0x4b8359e36be3e68d!2sHilton%20Guadalajara!5e0!3m2!1ses!2smx!4v1570217347090!5m2!1ses!2smx\"><\/iframe>\n\t\t\t<\/div>\n\n\n\n<h4 class=\"wp-block-heading\"><br>The Westin Guadalajara<\/h4>\n\n\n\n<ul class=\"wp-block-list\"><li>Av de Las Rosas 2911, Verde Valle, 44530 Guadalajara, Jal.<\/li><li>Tel\u00e9fono: 33 3880 2700<\/li><\/ul>\n\n\n\n<div class=\"googlemaps\">\n\t\t\t\t<iframe loading=\"lazy\" width=\"600\" height=\"450\" frameborder=\"0\" scrolling=\"no\" marginheight=\"0\" marginwidth=\"0\"  src=\"https:\/\/www.google.com\/maps\/embed?pb=!1m18!1m12!1m3!1d3733.402857803426!2d-103.39155208558041!3d20.6531829862031!2m3!1f0!2f0!3f0!3m2!1i1024!2i768!4f13.1!3m3!1m2!1s0x8428adda52a12dc7:0x66b2b6476a097dd9!2sThe%20Westin%20Guadalajara!5e0!3m2!1ses!2smx!4v1570217783916!5m2!1ses!2smx\"><\/iframe>\n\t\t\t<\/div>\n\n\n\n<h4 class=\"wp-block-heading\"><br>Real Inn Guadalajara Expo<\/h4>\n\n\n\n<ul class=\"wp-block-list\"><li>Av Mariano Otero 1326, Chapalita, 45040 Guadalajara, Jal.<\/li><li>Tel\u00e9fono: 33 3880 7700<\/li><\/ul>\n\n\n\n<div class=\"googlemaps\">\n\t\t\t\t<iframe loading=\"lazy\" width=\"600\" height=\"450\" frameborder=\"0\" scrolling=\"no\" marginheight=\"0\" marginwidth=\"0\"  src=\"https:\/\/www.google.com\/maps\/embed?pb=!1m18!1m12!1m3!1d3733.3433427970376!2d-103.39365668558034!3d20.655605986201703!2m3!1f0!2f0!3f0!3m2!1i1024!2i768!4f13.1!3m3!1m2!1s0x8428adda2fbfe2a5:0x466b35cdb0a36d87!2sReal%20Inn%20Guadalajara%20Expo!5e0!3m2!1ses!2smx!4v1570218089622!5m2!1ses!2smx\"><\/iframe>\n\t\t\t<\/div>\n\n\n\n<h4 class=\"wp-block-heading\"><br>Hotel Celta<\/h4>\n\n\n\n<ul class=\"wp-block-list\"><li>Av Mariano Otero 1570, Rinconada del Sol, 45055 Guadalajara, Jal.<\/li><li>Tel\u00e9fono: 33 3880 0222<\/li><\/ul>\n\n\n\n<div class=\"googlemaps\">\n\t\t\t\t<iframe loading=\"lazy\" width=\"600\" height=\"450\" frameborder=\"0\" scrolling=\"no\" marginheight=\"0\" marginwidth=\"0\"  src=\"https:\/\/www.google.com\/maps\/embed?pb=!1m18!1m12!1m3!1d3733.424522751963!2d-103.39920038558041!3d20.65230088620351!2m3!1f0!2f0!3f0!3m2!1i1024!2i768!4f13.1!3m3!1m2!1s0x8428ab8a0d3b1d01:0x210f2aeda55ca110!2sHotel%20Celta!5e0!3m2!1ses!2smx!4v1570226954851!5m2!1ses!2smx\"><\/iframe>\n\t\t\t<\/div>\n\n\n\n<h4 class=\"wp-block-heading\"><br>City Express Plus Guadalajara Expo<\/h4>\n\n\n\n<ul class=\"wp-block-list\"><li>Av Mariano Otero 1390, Rinconada del Sol, 45055 Guadalajara, Jal.<\/li><li>Tel\u00e9fono: 33 3880 3700<\/li><\/ul>\n\n\n\n<div class=\"googlemaps\">\n\t\t\t\t<iframe loading=\"lazy\" width=\"600\" height=\"450\" frameborder=\"0\" scrolling=\"no\" marginheight=\"0\" marginwidth=\"0\"  src=\"https:\/\/www.google.com\/maps\/embed?pb=!1m18!1m12!1m3!1d3733.440125584146!2d-103.39999948558042!3d20.65166558620387!2m3!1f0!2f0!3f0!3m2!1i1024!2i768!4f13.1!3m3!1m2!1s0x842f8e6ef4d1d78b:0x7888668b453b9191!2sCity%20Express%20Plus%20Guadalajara%20Expo!5e0!3m2!1ses!2smx!4v1570227488477!5m2!1ses!2smx\"><\/iframe>\n\t\t\t<\/div>\n\n\n\n<h4 class=\"wp-block-heading\"><br>Hotel Platino Expo<\/h4>\n\n\n\n<ul class=\"wp-block-list\"><li>Platino 2471, 44550 Guadalajara, Jal.<\/li><li>Tel\u00e9fono: 33 2003 0214<\/li><\/ul>\n\n\n\n<div class=\"googlemaps\">\n\t\t\t\t<iframe loading=\"lazy\" width=\"600\" height=\"450\" frameborder=\"0\" scrolling=\"no\" marginheight=\"0\" marginwidth=\"0\"  src=\"https:\/\/www.google.com\/maps\/embed?pb=!1m18!1m12!1m3!1d3733.49910421941!2d-103.39962698558051!3d20.649263986205202!2m3!1f0!2f0!3f0!3m2!1i1024!2i768!4f13.1!3m3!1m2!1s0x8428adce3cdc9c6d:0x2deaefed12f9dd5f!2sHotel%20Platino%20Expo!5e0!3m2!1ses!2smx!4v1570227637181!5m2!1ses!2smx\"><\/iframe>\n\t\t\t<\/div>\n\n\n\n<h4 class=\"wp-block-heading\"><br>FCH Hotel Expo<\/h4>\n\n\n\n<ul class=\"wp-block-list\"><li>Calle Coral 2530, Victoria, 45089 Guadalajara, Jal.<\/li><li>Tel\u00e9fono: 33 3623 2000<\/li><\/ul>\n\n\n\n<div class=\"googlemaps\">\n\t\t\t\t<iframe loading=\"lazy\" width=\"600\" height=\"450\" frameborder=\"0\" scrolling=\"no\" marginheight=\"0\" marginwidth=\"0\"  src=\"https:\/\/www.google.com\/maps\/embed?pb=!1m18!1m12!1m3!1d3733.5213422948455!2d-103.39997068558047!3d20.648358386205718!2m3!1f0!2f0!3f0!3m2!1i1024!2i768!4f13.1!3m3!1m2!1s0x8428adce6bd2ba7f:0x60e1d326bd10ad0a!2sFCH%20Hotel%20Expo!5e0!3m2!1ses!2smx!4v1570227754860!5m2!1ses!2smx\"><\/iframe>\n\t\t\t<\/div>\n\n\n\n<p><\/p>\n","protected":false},"excerpt":{"rendered":"<p>Tenemos una lista de hoteles cercanos a MIND M\u00e9xico: Guadalajara Plaza Expo Business Class Direcci\u00f3n: Av Mariano Otero 3261, Verde Valle, 44550 Guadalajara, Jal. Tel\u00e9fono: 322 226 2787 Hotel ibis Guadalajara Expo Av Mariano Otero 1400, Jardines del Bosque, 44520 Guadalajara, Jal.. Tel\u00e9fono: 33 3880 9600 Ibeurohotel Av Mariano Otero 3235, Verde Valle, 44550 Guadalajara, &hellip; <a href=\"https:\/\/guadalajara.wordcamp.org\/2019\/donde-hospedarte\/\" class=\"more-link\">Seguir leyendo <span class=\"screen-reader-text\">D\u00f3nde hospedarte<\/span> <span class=\"meta-nav\">&rarr;<\/span><\/a><\/p>\n","protected":false},"author":15525496,"featured_media":0,"parent":0,"menu_order":0,"comment_status":"closed","ping_status":"closed","template":"","meta":{"jetpack_post_was_ever_published":false,"footnotes":""},"class_list":["post-1027","page","type-page","status-publish","hentry"],"jetpack_shortlink":"https:\/\/wp.me\/PbaLNg-gz","jetpack_sharing_enabled":true,"_links":{"self":[{"href":"https:\/\/guadalajara.wordcamp.org\/2019\/wp-json\/wp\/v2\/pages\/1027","targetHints":{"allow":["GET"]}}],"collection":[{"href":"https:\/\/guadalajara.wordcamp.org\/2019\/wp-json\/wp\/v2\/pages"}],"about":[{"href":"https:\/\/guadalajara.wordcamp.org\/2019\/wp-json\/wp\/v2\/types\/page"}],"author":[{"embeddable":true,"href":"https:\/\/guadalajara.wordcamp.org\/2019\/wp-json\/wp\/v2\/users\/15525496"}],"replies":[{"embeddable":true,"href":"https:\/\/guadalajara.wordcamp.org\/2019\/wp-json\/wp\/v2\/comments?post=1027"}],"version-history":[{"count":7,"href":"https:\/\/guadalajara.wordcamp.org\/2019\/wp-json\/wp\/v2\/pages\/1027\/revisions"}],"predecessor-version":[{"id":1034,"href":"https:\/\/guadalajara.wordcamp.org\/2019\/wp-json\/wp\/v2\/pages\/1027\/revisions\/1034"}],"wp:attachment":[{"href":"https:\/\/guadalajara.wordcamp.org\/2019\/wp-json\/wp\/v2\/media?parent=1027"}],"curies":[{"name":"wp","href":"https:\/\/api.w.org\/{rel}","templated":true}]}}