{"id":11,"date":"2018-02-28T02:21:02","date_gmt":"2018-02-28T02:21:02","guid":{"rendered":"https:\/\/2018.guadalajara.wordcamp.org\/location\/"},"modified":"2018-05-18T16:26:21","modified_gmt":"2018-05-18T21:26:21","slug":"ubicacion","status":"publish","type":"page","link":"https:\/\/guadalajara.wordcamp.org\/2018\/ubicacion\/","title":{"rendered":"\u00bfD\u00f3nde y cu\u00e1ndo?"},"content":{"rendered":"<h1>Centraal Guadalajara<\/h1>\n<p><img data-recalc-dims=\"1\" loading=\"lazy\" decoding=\"async\" class=\"aligncenter wp-image-278 size-full\" src=\"https:\/\/i0.wp.com\/2018.guadalajara.wordcamp.org\/files\/2018\/05\/centraal-guadalajara.jpg?resize=604%2C340&#038;ssl=1\" alt=\"\" width=\"604\" height=\"340\" srcset=\"https:\/\/i0.wp.com\/guadalajara.wordcamp.org\/2018\/files\/2018\/05\/centraal-guadalajara.jpg?w=1280&amp;ssl=1 1280w, https:\/\/i0.wp.com\/guadalajara.wordcamp.org\/2018\/files\/2018\/05\/centraal-guadalajara.jpg?resize=300%2C169&amp;ssl=1 300w, https:\/\/i0.wp.com\/guadalajara.wordcamp.org\/2018\/files\/2018\/05\/centraal-guadalajara.jpg?resize=768%2C432&amp;ssl=1 768w, https:\/\/i0.wp.com\/guadalajara.wordcamp.org\/2018\/files\/2018\/05\/centraal-guadalajara.jpg?resize=1024%2C576&amp;ssl=1 1024w, https:\/\/i0.wp.com\/guadalajara.wordcamp.org\/2018\/files\/2018\/05\/centraal-guadalajara.jpg?resize=500%2C281&amp;ssl=1 500w, https:\/\/i0.wp.com\/guadalajara.wordcamp.org\/2018\/files\/2018\/05\/centraal-guadalajara.jpg?w=1208&amp;ssl=1 1208w\" sizes=\"auto, (max-width: 604px) 100vw, 604px\" \/><\/p>\n<p>La comunidad de\u00a0<strong>WordPress Guadalajara<\/strong>, est\u00e1 feliz de anunciarte que el WordCamp Guadalajara 2018\u00a0 se llevar\u00e1 a cabo en el espacio que mes con mes ha sido nuestra casa y que nos han apoyado con toda la elaboraci\u00f3n de nuestros Meetups, as\u00ed que para este WordCamp no podr\u00eda ser la excepci\u00f3n.<\/p>\n<p>El registro de los asistentes comenzar\u00e1 a las\u00a0<strong>9:30am<\/strong>\u00a0y la clausura ser\u00e1 a las\u00a0<strong>5:30pm<\/strong>. Contar\u00e1s con coffee break, gift bag, box lunch y lo mejor de todo\u2026 con la posibilidad de disfrutar <strong>ponencias locales e internacionales<\/strong>.<\/p>\n<p><strong>Direcci\u00f3n:<\/strong>\u00a0Plaza Sania 2do piso, Av. Ignacio L. Vallarta 3300, Vallarta Nte., 44690 Guadalajara, Jal.<br \/>\n<strong>Referencias:<\/strong>\u00a0La entrada al elevador que te deja directo en Centraal se encuentra a lado del Fresko, el d\u00eda del evento tendremos letreros que indiquen hacia d\u00f3nde tienes que ir.<br \/>\n<strong>Google Maps:\u00a0<\/strong><a href=\"https:\/\/goo.gl\/maps\/miNcc6vXqfM2\" target=\"_blank\" rel=\"noopener\">https:\/\/goo.gl\/maps\/miNcc6vXqfM2<\/a><\/p>\n","protected":false},"excerpt":{"rendered":"<p>Centraal Guadalajara La comunidad de\u00a0WordPress Guadalajara, est\u00e1 feliz de anunciarte que el WordCamp Guadalajara 2018\u00a0 se llevar\u00e1 a cabo en el espacio que mes con mes ha sido nuestra casa y que nos han apoyado con toda la elaboraci\u00f3n de nuestros Meetups, as\u00ed que para este WordCamp no podr\u00eda ser la excepci\u00f3n. El registro de &hellip; <a href=\"https:\/\/guadalajara.wordcamp.org\/2018\/ubicacion\/\" class=\"more-link\">Seguir leyendo <span class=\"screen-reader-text\">\u00bfD\u00f3nde y cu\u00e1ndo?<\/span> <span class=\"meta-nav\">&rarr;<\/span><\/a><\/p>\n","protected":false},"author":15525496,"featured_media":0,"parent":0,"menu_order":0,"comment_status":"closed","ping_status":"closed","template":"","meta":{"jetpack_post_was_ever_published":false,"footnotes":""},"class_list":["post-11","page","type-page","status-publish","hentry"],"jetpack_sharing_enabled":true,"_links":{"self":[{"href":"https:\/\/guadalajara.wordcamp.org\/2018\/wp-json\/wp\/v2\/pages\/11","targetHints":{"allow":["GET"]}}],"collection":[{"href":"https:\/\/guadalajara.wordcamp.org\/2018\/wp-json\/wp\/v2\/pages"}],"about":[{"href":"https:\/\/guadalajara.wordcamp.org\/2018\/wp-json\/wp\/v2\/types\/page"}],"author":[{"embeddable":true,"href":"https:\/\/guadalajara.wordcamp.org\/2018\/wp-json\/wp\/v2\/users\/15525496"}],"replies":[{"embeddable":true,"href":"https:\/\/guadalajara.wordcamp.org\/2018\/wp-json\/wp\/v2\/comments?post=11"}],"version-history":[{"count":4,"href":"https:\/\/guadalajara.wordcamp.org\/2018\/wp-json\/wp\/v2\/pages\/11\/revisions"}],"predecessor-version":[{"id":279,"href":"https:\/\/guadalajara.wordcamp.org\/2018\/wp-json\/wp\/v2\/pages\/11\/revisions\/279"}],"wp:attachment":[{"href":"https:\/\/guadalajara.wordcamp.org\/2018\/wp-json\/wp\/v2\/media?parent=11"}],"curies":[{"name":"wp","href":"https:\/\/api.w.org\/{rel}","templated":true}]}}